{"id":113,"date":"2025-03-17T22:41:58","date_gmt":"2025-03-17T22:41:58","guid":{"rendered":"https:\/\/xn--identittsastrologie4-hzb.ch\/?page_id=113"},"modified":"2025-04-20T19:09:25","modified_gmt":"2025-04-20T19:09:25","slug":"teil-12","status":"publish","type":"page","link":"https:\/\/xn--identittsastrologie4-hzb.ch\/index.php\/teil-12\/","title":{"rendered":"Die Ersch\u00fctterung der \u00dcbermacht des B\u00f6sen"},"content":{"rendered":"\n<pre class=\"wp-block-preformatted\">Bitte warten bis die Datei geladen ist\u2026<\/pre>\n\n\n\n<div data-wp-interactive=\"core\/file\" class=\"wp-block-file alignwide\"><object data-wp-bind--hidden=\"!state.hasPdfPreview\" hidden class=\"wp-block-file__embed\" data=\"https:\/\/xn--identittsastrologie4-hzb.ch\/wp-content\/uploads\/2025\/03\/Die-Erschuetterung-der-Uebermacht-des-Boesen.pdf\" type=\"application\/pdf\" style=\"width:100%;height:600px\" aria-label=\"Einbettung von Die Ersch\u00fctterung der \u00dcbermacht des B\u00f6sen.\"><\/object><a id=\"wp-block-file--media-827d064a-cb72-4339-b57b-d7a783fa6c0c\" href=\"https:\/\/xn--identittsastrologie4-hzb.ch\/wp-content\/uploads\/2025\/03\/Die-Erschuetterung-der-Uebermacht-des-Boesen.pdf\">Die Ersch\u00fctterung der \u00dcbermacht des B\u00f6sen<\/a><a href=\"https:\/\/xn--identittsastrologie4-hzb.ch\/wp-content\/uploads\/2025\/03\/Die-Erschuetterung-der-Uebermacht-des-Boesen.pdf\" class=\"wp-block-file__button wp-element-button\" download aria-describedby=\"wp-block-file--media-827d064a-cb72-4339-b57b-d7a783fa6c0c\">Herunterladen<\/a><\/div>\n","protected":false},"excerpt":{"rendered":"","protected":false},"author":1,"featured_media":0,"parent":0,"menu_order":0,"comment_status":"closed","ping_status":"closed","template":"","meta":{"footnotes":""},"class_list":["post-113","page","type-page","status-publish","hentry"],"_links":{"self":[{"href":"https:\/\/xn--identittsastrologie4-hzb.ch\/index.php\/wp-json\/wp\/v2\/pages\/113","targetHints":{"allow":["GET"]}}],"collection":[{"href":"https:\/\/xn--identittsastrologie4-hzb.ch\/index.php\/wp-json\/wp\/v2\/pages"}],"about":[{"href":"https:\/\/xn--identittsastrologie4-hzb.ch\/index.php\/wp-json\/wp\/v2\/types\/page"}],"author":[{"embeddable":true,"href":"https:\/\/xn--identittsastrologie4-hzb.ch\/index.php\/wp-json\/wp\/v2\/users\/1"}],"replies":[{"embeddable":true,"href":"https:\/\/xn--identittsastrologie4-hzb.ch\/index.php\/wp-json\/wp\/v2\/comments?post=113"}],"version-history":[{"count":2,"href":"https:\/\/xn--identittsastrologie4-hzb.ch\/index.php\/wp-json\/wp\/v2\/pages\/113\/revisions"}],"predecessor-version":[{"id":131,"href":"https:\/\/xn--identittsastrologie4-hzb.ch\/index.php\/wp-json\/wp\/v2\/pages\/113\/revisions\/131"}],"wp:attachment":[{"href":"https:\/\/xn--identittsastrologie4-hzb.ch\/index.php\/wp-json\/wp\/v2\/media?parent=113"}],"curies":[{"name":"wp","href":"https:\/\/api.w.org\/{rel}","templated":true}]}}